{"id":486,"date":"2023-02-15T17:35:41","date_gmt":"2023-02-15T16:35:41","guid":{"rendered":"http:\/\/rgzv-schwelm.com\/?page_id=486"},"modified":"2026-01-29T19:43:54","modified_gmt":"2026-01-29T18:43:54","slug":"jugend","status":"publish","type":"page","link":"http:\/\/rgzv-schwelm.com\/?page_id=486","title":{"rendered":"Jugend 2026"},"content":{"rendered":"\n<div class=\"wp-block-media-text is-stacked-on-mobile\"><figure class=\"wp-block-media-text__media\"><img loading=\"lazy\" decoding=\"async\" width=\"255\" height=\"198\" src=\"http:\/\/rgzv-schwelm.com\/wp-content\/uploads\/2023\/03\/image-1.png\" alt=\"\" class=\"wp-image-728 size-full\"\/><\/figure><div class=\"wp-block-media-text__content\">\n<p>Termine f\u00fcr unser n\u00e4chsten Treffen:<br>21. Februar<br>21. M\u00e4rz<br>25. April<br>30. Mai<br>20. Juni<br>18. Juli<\/p>\n\n\n\n<p><\/p>\n<\/div><\/div>\n\n\n\n<p><strong>Wir freuen uns auf ein Sch\u00f6nes, spannendes Jahr mit Euren Kindern !!!<\/strong><\/p>\n","protected":false},"excerpt":{"rendered":"<p>Termine f\u00fcr unser n\u00e4chsten Treffen:21. Februar21. M\u00e4rz25. April30. Mai20. Juni18. Juli Wir freuen uns auf ein Sch\u00f6nes, spannendes Jahr mit Euren Kindern !!!<\/p>\n","protected":false},"author":1,"featured_media":0,"parent":0,"menu_order":0,"comment_status":"closed","ping_status":"closed","template":"","meta":{"footnotes":""},"class_list":["post-486","page","type-page","status-publish","hentry"],"_links":{"self":[{"href":"http:\/\/rgzv-schwelm.com\/index.php?rest_route=\/wp\/v2\/pages\/486","targetHints":{"allow":["GET"]}}],"collection":[{"href":"http:\/\/rgzv-schwelm.com\/index.php?rest_route=\/wp\/v2\/pages"}],"about":[{"href":"http:\/\/rgzv-schwelm.com\/index.php?rest_route=\/wp\/v2\/types\/page"}],"author":[{"embeddable":true,"href":"http:\/\/rgzv-schwelm.com\/index.php?rest_route=\/wp\/v2\/users\/1"}],"replies":[{"embeddable":true,"href":"http:\/\/rgzv-schwelm.com\/index.php?rest_route=%2Fwp%2Fv2%2Fcomments&post=486"}],"version-history":[{"count":19,"href":"http:\/\/rgzv-schwelm.com\/index.php?rest_route=\/wp\/v2\/pages\/486\/revisions"}],"predecessor-version":[{"id":2180,"href":"http:\/\/rgzv-schwelm.com\/index.php?rest_route=\/wp\/v2\/pages\/486\/revisions\/2180"}],"wp:attachment":[{"href":"http:\/\/rgzv-schwelm.com\/index.php?rest_route=%2Fwp%2Fv2%2Fmedia&parent=486"}],"curies":[{"name":"wp","href":"https:\/\/api.w.org\/{rel}","templated":true}]}}