{"id":411,"date":"2023-02-15T11:00:36","date_gmt":"2023-02-15T10:00:36","guid":{"rendered":"http:\/\/rgzv-schwelm.com\/?page_id=411"},"modified":"2026-01-29T18:09:25","modified_gmt":"2026-01-29T17:09:25","slug":"vorstand","status":"publish","type":"page","link":"http:\/\/rgzv-schwelm.com\/?page_id=411","title":{"rendered":"Vorstand"},"content":{"rendered":"<div class=\"wp-block-image\">\n<figure class=\"aligncenter size-full\"><img loading=\"lazy\" decoding=\"async\" width=\"480\" height=\"640\" src=\"http:\/\/rgzv-schwelm.com\/wp-content\/uploads\/2023\/01\/Bild-Lutz-2.jpg\" alt=\"\" class=\"wp-image-343\" srcset=\"http:\/\/rgzv-schwelm.com\/wp-content\/uploads\/2023\/01\/Bild-Lutz-2.jpg 480w, http:\/\/rgzv-schwelm.com\/wp-content\/uploads\/2023\/01\/Bild-Lutz-2-225x300.jpg 225w\" sizes=\"auto, (max-width: 480px) 100vw, 480px\" \/><figcaption class=\"wp-element-caption\"><br>Lutz Windh\u00f6vel<br><strong>1. Vorsitzender<\/strong><\/figcaption><\/figure>\n<\/div>\n\n\n<p><\/p>\n\n\n<div class=\"wp-block-image\">\n<figure class=\"aligncenter size-large is-resized\"><img loading=\"lazy\" decoding=\"async\" width=\"561\" height=\"1024\" src=\"http:\/\/rgzv-schwelm.com\/wp-content\/uploads\/2025\/01\/Heinz-Erich--561x1024.jpg\" alt=\"\" class=\"wp-image-1785\" style=\"width:486px;height:auto\" srcset=\"http:\/\/rgzv-schwelm.com\/wp-content\/uploads\/2025\/01\/Heinz-Erich--561x1024.jpg 561w, http:\/\/rgzv-schwelm.com\/wp-content\/uploads\/2025\/01\/Heinz-Erich--164x300.jpg 164w, http:\/\/rgzv-schwelm.com\/wp-content\/uploads\/2025\/01\/Heinz-Erich-.jpg 738w\" sizes=\"auto, (max-width: 561px) 100vw, 561px\" \/><\/figure>\n<\/div>\n\n\n<p class=\"has-text-align-center\">Heinz Erich Henze<br>2. Vorsitzender und Beisitzer f\u00fcrs Internet<\/p>\n\n\n<div class=\"wp-block-image\">\n<figure class=\"aligncenter size-full\"><img loading=\"lazy\" decoding=\"async\" width=\"480\" height=\"640\" src=\"http:\/\/rgzv-schwelm.com\/wp-content\/uploads\/2025\/01\/e6071416-dc10-47d8-b212-549a8a90f54a.jpg\" alt=\"\" class=\"wp-image-1786\" srcset=\"http:\/\/rgzv-schwelm.com\/wp-content\/uploads\/2025\/01\/e6071416-dc10-47d8-b212-549a8a90f54a.jpg 480w, http:\/\/rgzv-schwelm.com\/wp-content\/uploads\/2025\/01\/e6071416-dc10-47d8-b212-549a8a90f54a-225x300.jpg 225w\" sizes=\"auto, (max-width: 480px) 100vw, 480px\" \/><\/figure>\n<\/div>\n\n\n<p class=\"has-text-align-center\">Christine Hungenberg<br>1. Schriftf\u00fchrerin<\/p>\n\n\n<div class=\"wp-block-image\">\n<figure class=\"aligncenter size-full is-resized\"><img loading=\"lazy\" decoding=\"async\" width=\"603\" height=\"882\" src=\"http:\/\/rgzv-schwelm.com\/wp-content\/uploads\/2025\/01\/852904c4-e994-4539-84ca-36cdb5fcad59.jpg\" alt=\"\" class=\"wp-image-1787\" style=\"width:473px;height:auto\" srcset=\"http:\/\/rgzv-schwelm.com\/wp-content\/uploads\/2025\/01\/852904c4-e994-4539-84ca-36cdb5fcad59.jpg 603w, http:\/\/rgzv-schwelm.com\/wp-content\/uploads\/2025\/01\/852904c4-e994-4539-84ca-36cdb5fcad59-205x300.jpg 205w\" sizes=\"auto, (max-width: 603px) 100vw, 603px\" \/><\/figure>\n<\/div>\n\n\n<p class=\"has-text-align-center\">Christina Burger<br>2. Schriftf\u00fchrerin<\/p>\n\n\n<div class=\"wp-block-image is-resized\">\n<figure class=\"aligncenter size-full\"><img loading=\"lazy\" decoding=\"async\" width=\"639\" height=\"859\" src=\"http:\/\/rgzv-schwelm.com\/wp-content\/uploads\/2021\/09\/IMG_0367.jpg\" alt=\"\" class=\"wp-image-211\" style=\"width:461px;height:auto\" srcset=\"http:\/\/rgzv-schwelm.com\/wp-content\/uploads\/2021\/09\/IMG_0367.jpg 639w, http:\/\/rgzv-schwelm.com\/wp-content\/uploads\/2021\/09\/IMG_0367-223x300.jpg 223w\" sizes=\"auto, (max-width: 639px) 100vw, 639px\" \/><figcaption class=\"wp-element-caption\"><br>Katja Windh\u00f6vel<br>1. Kassiererin<\/figcaption><\/figure>\n<\/div>\n\n<div class=\"wp-block-image is-resized\">\n<figure class=\"aligncenter size-large\"><img loading=\"lazy\" decoding=\"async\" width=\"768\" height=\"1024\" src=\"http:\/\/rgzv-schwelm.com\/wp-content\/uploads\/2023\/04\/20230320_102406-768x1024.jpg\" alt=\"\" class=\"wp-image-788\" style=\"width:462px;height:auto\" srcset=\"http:\/\/rgzv-schwelm.com\/wp-content\/uploads\/2023\/04\/20230320_102406-768x1024.jpg 768w, http:\/\/rgzv-schwelm.com\/wp-content\/uploads\/2023\/04\/20230320_102406-225x300.jpg 225w, http:\/\/rgzv-schwelm.com\/wp-content\/uploads\/2023\/04\/20230320_102406-1152x1536.jpg 1152w, http:\/\/rgzv-schwelm.com\/wp-content\/uploads\/2023\/04\/20230320_102406-1536x2048.jpg 1536w, http:\/\/rgzv-schwelm.com\/wp-content\/uploads\/2023\/04\/20230320_102406-scaled.jpg 1920w\" sizes=\"auto, (max-width: 768px) 100vw, 768px\" \/><figcaption class=\"wp-element-caption\">Gabriela May<br>2. Kassiererin<\/figcaption><\/figure>\n<\/div>\n\n<div class=\"wp-block-image is-resized\">\n<figure class=\"aligncenter size-large\"><img loading=\"lazy\" decoding=\"async\" width=\"768\" height=\"1024\" src=\"http:\/\/rgzv-schwelm.com\/wp-content\/uploads\/2023\/02\/IMG_5784-1-768x1024.jpg\" alt=\"\" class=\"wp-image-600\" style=\"width:462px;height:auto\" srcset=\"http:\/\/rgzv-schwelm.com\/wp-content\/uploads\/2023\/02\/IMG_5784-1-768x1024.jpg 768w, http:\/\/rgzv-schwelm.com\/wp-content\/uploads\/2023\/02\/IMG_5784-1-225x300.jpg 225w, http:\/\/rgzv-schwelm.com\/wp-content\/uploads\/2023\/02\/IMG_5784-1-1152x1536.jpg 1152w, http:\/\/rgzv-schwelm.com\/wp-content\/uploads\/2023\/02\/IMG_5784-1-rotated.jpg 1158w\" sizes=\"auto, (max-width: 768px) 100vw, 768px\" \/><figcaption class=\"wp-element-caption\">Kathrin Windh\u00f6vel &#8211;  Kelm<br>Jugendleiterin<br><\/figcaption><\/figure>\n<\/div>\n\n<div class=\"wp-block-image\">\n<figure class=\"aligncenter size-full is-resized\"><img loading=\"lazy\" decoding=\"async\" width=\"100\" height=\"100\" src=\"http:\/\/rgzv-schwelm.com\/wp-content\/uploads\/2019\/03\/Schattenfoto.png\" alt=\"\" class=\"wp-image-37\" style=\"width:464px;height:auto\" srcset=\"http:\/\/rgzv-schwelm.com\/wp-content\/uploads\/2019\/03\/Schattenfoto.png 100w, http:\/\/rgzv-schwelm.com\/wp-content\/uploads\/2019\/03\/Schattenfoto-60x60.png 60w\" sizes=\"auto, (max-width: 100px) 100vw, 100px\" \/><\/figure>\n<\/div>\n\n\n<p class=\"has-text-align-center\">Lucas Naumann<br>Ger\u00e4tewart<\/p>\n\n\n<div class=\"wp-block-image is-resized\">\n<figure class=\"aligncenter size-large\"><img loading=\"lazy\" decoding=\"async\" width=\"1024\" height=\"683\" src=\"http:\/\/rgzv-schwelm.com\/wp-content\/uploads\/2021\/09\/Rainer-Kuhnhenn-1024x683.jpg\" alt=\"\" class=\"wp-image-217\" style=\"width:466px;height:auto\" srcset=\"http:\/\/rgzv-schwelm.com\/wp-content\/uploads\/2021\/09\/Rainer-Kuhnhenn-1024x683.jpg 1024w, http:\/\/rgzv-schwelm.com\/wp-content\/uploads\/2021\/09\/Rainer-Kuhnhenn-300x200.jpg 300w, http:\/\/rgzv-schwelm.com\/wp-content\/uploads\/2021\/09\/Rainer-Kuhnhenn-768x512.jpg 768w, http:\/\/rgzv-schwelm.com\/wp-content\/uploads\/2021\/09\/Rainer-Kuhnhenn-1536x1024.jpg 1536w, http:\/\/rgzv-schwelm.com\/wp-content\/uploads\/2021\/09\/Rainer-Kuhnhenn-2048x1365.jpg 2048w\" sizes=\"auto, (max-width: 1024px) 100vw, 1024px\" \/><figcaption class=\"wp-element-caption\"><br>Rainer Kuhnhenn<br>Zuchtwart f\u00fcr H\u00fchner<\/figcaption><\/figure>\n<\/div>\n\n<div class=\"wp-block-image\">\n<figure class=\"aligncenter size-large is-resized\"><img loading=\"lazy\" decoding=\"async\" width=\"738\" height=\"554\" src=\"http:\/\/rgzv-schwelm.com\/wp-content\/uploads\/2025\/01\/Bild_2025-01-28_201449633-edited-1.png\" alt=\"\" class=\"wp-image-1811\" style=\"width:458px;height:auto\" srcset=\"http:\/\/rgzv-schwelm.com\/wp-content\/uploads\/2025\/01\/Bild_2025-01-28_201449633-edited-1.png 738w, http:\/\/rgzv-schwelm.com\/wp-content\/uploads\/2025\/01\/Bild_2025-01-28_201449633-edited-1-300x225.png 300w\" sizes=\"auto, (max-width: 738px) 100vw, 738px\" \/><\/figure>\n<\/div>\n\n\n<p class=\"has-text-align-center\">Horst Gr\u00e4fe<br>Zuchtwart f\u00fcr Tauben<\/p>\n\n\n<div class=\"wp-block-image\">\n<figure class=\"aligncenter size-full is-resized\"><img loading=\"lazy\" decoding=\"async\" width=\"531\" height=\"888\" src=\"http:\/\/rgzv-schwelm.com\/wp-content\/uploads\/2025\/01\/Carmen.jpg\" alt=\"\" class=\"wp-image-1788\" style=\"width:449px;height:auto\" srcset=\"http:\/\/rgzv-schwelm.com\/wp-content\/uploads\/2025\/01\/Carmen.jpg 531w, http:\/\/rgzv-schwelm.com\/wp-content\/uploads\/2025\/01\/Carmen-179x300.jpg 179w\" sizes=\"auto, (max-width: 531px) 100vw, 531px\" \/><\/figure>\n<\/div>\n\n\n<p class=\"has-text-align-center\">Carmen Feldhaus<br>Beisitzer und Geburtstagsbeauftragte<\/p>\n\n\n<div class=\"wp-block-image\">\n<figure class=\"aligncenter size-large is-resized\"><img loading=\"lazy\" decoding=\"async\" width=\"756\" height=\"1008\" src=\"http:\/\/rgzv-schwelm.com\/wp-content\/uploads\/2025\/01\/d0ca6568-9d33-408e-aea9-2f85f0070ef8-edited.jpg\" alt=\"\" class=\"wp-image-1804\" style=\"width:453px;height:auto\" srcset=\"http:\/\/rgzv-schwelm.com\/wp-content\/uploads\/2025\/01\/d0ca6568-9d33-408e-aea9-2f85f0070ef8-edited.jpg 756w, http:\/\/rgzv-schwelm.com\/wp-content\/uploads\/2025\/01\/d0ca6568-9d33-408e-aea9-2f85f0070ef8-edited-225x300.jpg 225w\" sizes=\"auto, (max-width: 756px) 100vw, 756px\" \/><\/figure>\n<\/div>\n\n\n<p class=\"has-text-align-center\">Stefanie Spallek<br>Beisitzer f\u00fcr Sonderaufgaben, Transport und Veranstaltungsunterst\u00fctzung<\/p>\n\n\n<div class=\"wp-block-image\">\n<figure class=\"aligncenter size-large is-resized\"><img loading=\"lazy\" decoding=\"async\" width=\"768\" height=\"1024\" src=\"http:\/\/rgzv-schwelm.com\/wp-content\/uploads\/2025\/01\/Bild_2025-01-28_200225728-768x1024.png\" alt=\"\" class=\"wp-image-1806\" style=\"width:441px;height:auto\" srcset=\"http:\/\/rgzv-schwelm.com\/wp-content\/uploads\/2025\/01\/Bild_2025-01-28_200225728-768x1024.png 768w, http:\/\/rgzv-schwelm.com\/wp-content\/uploads\/2025\/01\/Bild_2025-01-28_200225728-225x300.png 225w, http:\/\/rgzv-schwelm.com\/wp-content\/uploads\/2025\/01\/Bild_2025-01-28_200225728-1152x1536.png 1152w, http:\/\/rgzv-schwelm.com\/wp-content\/uploads\/2025\/01\/Bild_2025-01-28_200225728.png 1200w\" sizes=\"auto, (max-width: 768px) 100vw, 768px\" \/><\/figure>\n<\/div>\n\n\n<p class=\"has-text-align-center\">Aaron Windh\u00f6vel<br>Ausstellungsleiter<\/p>\n\n\n\n<p><\/p>\n","protected":false},"excerpt":{"rendered":"<p>Heinz Erich Henze2. Vorsitzender und Beisitzer f\u00fcrs Internet Christine Hungenberg1. Schriftf\u00fchrerin Christina Burger2. Schriftf\u00fchrerin Lucas NaumannGer\u00e4tewart Horst Gr\u00e4feZuchtwart f\u00fcr Tauben Carmen FeldhausBeisitzer und Geburtstagsbeauftragte Stefanie SpallekBeisitzer f\u00fcr Sonderaufgaben, Transport und Veranstaltungsunterst\u00fctzung Aaron Windh\u00f6velAusstellungsleiter<\/p>\n","protected":false},"author":1,"featured_media":0,"parent":0,"menu_order":0,"comment_status":"closed","ping_status":"closed","template":"","meta":{"footnotes":""},"class_list":["post-411","page","type-page","status-publish","hentry"],"_links":{"self":[{"href":"http:\/\/rgzv-schwelm.com\/index.php?rest_route=\/wp\/v2\/pages\/411","targetHints":{"allow":["GET"]}}],"collection":[{"href":"http:\/\/rgzv-schwelm.com\/index.php?rest_route=\/wp\/v2\/pages"}],"about":[{"href":"http:\/\/rgzv-schwelm.com\/index.php?rest_route=\/wp\/v2\/types\/page"}],"author":[{"embeddable":true,"href":"http:\/\/rgzv-schwelm.com\/index.php?rest_route=\/wp\/v2\/users\/1"}],"replies":[{"embeddable":true,"href":"http:\/\/rgzv-schwelm.com\/index.php?rest_route=%2Fwp%2Fv2%2Fcomments&post=411"}],"version-history":[{"count":10,"href":"http:\/\/rgzv-schwelm.com\/index.php?rest_route=\/wp\/v2\/pages\/411\/revisions"}],"predecessor-version":[{"id":2158,"href":"http:\/\/rgzv-schwelm.com\/index.php?rest_route=\/wp\/v2\/pages\/411\/revisions\/2158"}],"wp:attachment":[{"href":"http:\/\/rgzv-schwelm.com\/index.php?rest_route=%2Fwp%2Fv2%2Fmedia&parent=411"}],"curies":[{"name":"wp","href":"https:\/\/api.w.org\/{rel}","templated":true}]}}