{"id":222,"date":"2021-10-05T20:09:18","date_gmt":"2021-10-05T19:09:18","guid":{"rendered":"http:\/\/rgzv-schwelm.com\/?page_id=222"},"modified":"2024-01-30T20:32:18","modified_gmt":"2024-01-30T19:32:18","slug":"zuechter","status":"publish","type":"page","link":"http:\/\/rgzv-schwelm.com\/?page_id=222","title":{"rendered":"Z\u00fcchter"},"content":{"rendered":"\n<p class=\"has-large-font-size\"><\/p>\n\n\n\n<div class=\"wp-block-media-text alignwide is-stacked-on-mobile\"><figure class=\"wp-block-media-text__media\"><img loading=\"lazy\" decoding=\"async\" width=\"640\" height=\"480\" src=\"http:\/\/rgzv-schwelm.com\/wp-content\/uploads\/2023\/02\/BK-2.jpg\" alt=\"\" class=\"wp-image-642 size-full\" srcset=\"http:\/\/rgzv-schwelm.com\/wp-content\/uploads\/2023\/02\/BK-2.jpg 640w, http:\/\/rgzv-schwelm.com\/wp-content\/uploads\/2023\/02\/BK-2-300x225.jpg 300w\" sizes=\"auto, (max-width: 640px) 100vw, 640px\" \/><\/figure><div class=\"wp-block-media-text__content\">\n<p><strong>Aaron Windh\u00f6vel<\/strong><br>Bergische Kr\u00e4her, schwarz-braun gedoppelt<\/p>\n<\/div><\/div>\n\n\n\n<div class=\"wp-block-media-text alignwide is-stacked-on-mobile\"><figure class=\"wp-block-media-text__media\"><img loading=\"lazy\" decoding=\"async\" width=\"1024\" height=\"473\" src=\"http:\/\/rgzv-schwelm.com\/wp-content\/uploads\/2023\/03\/471a57df-887f-4a7a-b1cd-6c0471aa4483-1-1024x473.jpg\" alt=\"\" class=\"wp-image-740 size-full\" srcset=\"http:\/\/rgzv-schwelm.com\/wp-content\/uploads\/2023\/03\/471a57df-887f-4a7a-b1cd-6c0471aa4483-1-1024x473.jpg 1024w, http:\/\/rgzv-schwelm.com\/wp-content\/uploads\/2023\/03\/471a57df-887f-4a7a-b1cd-6c0471aa4483-1-300x139.jpg 300w, http:\/\/rgzv-schwelm.com\/wp-content\/uploads\/2023\/03\/471a57df-887f-4a7a-b1cd-6c0471aa4483-1-768x355.jpg 768w, http:\/\/rgzv-schwelm.com\/wp-content\/uploads\/2023\/03\/471a57df-887f-4a7a-b1cd-6c0471aa4483-1-1536x709.jpg 1536w, http:\/\/rgzv-schwelm.com\/wp-content\/uploads\/2023\/03\/471a57df-887f-4a7a-b1cd-6c0471aa4483-1.jpg 1600w\" sizes=\"auto, (max-width: 1024px) 100vw, 1024px\" \/><\/figure><div class=\"wp-block-media-text__content\">\n<p><strong>Heinz Erich Henze<\/strong><\/p>\n\n\n\n<p>K\u00f6lner T\u00fcmmler, wei\u00df und schwarz<\/p>\n\n\n\n<p>Luchstauben, schwarz, schwarz-wei\u00df geschuppt farbschwingig<\/p>\n<\/div><\/div>\n\n\n\n<div class=\"wp-block-media-text alignwide is-stacked-on-mobile\"><figure class=\"wp-block-media-text__media\"><img loading=\"lazy\" decoding=\"async\" width=\"640\" height=\"480\" src=\"http:\/\/rgzv-schwelm.com\/wp-content\/uploads\/2023\/02\/W-2-1.jpg\" alt=\"\" class=\"wp-image-645 size-full\" srcset=\"http:\/\/rgzv-schwelm.com\/wp-content\/uploads\/2023\/02\/W-2-1.jpg 640w, http:\/\/rgzv-schwelm.com\/wp-content\/uploads\/2023\/02\/W-2-1-300x225.jpg 300w\" sizes=\"auto, (max-width: 640px) 100vw, 640px\" \/><\/figure><div class=\"wp-block-media-text__content\">\n<p><strong>Sophie Windh\u00f6vel<\/strong><br>Zwerg-Welsumer, rost-rebhuhnfarbig<\/p>\n<\/div><\/div>\n\n\n\n<p><strong>Lutz Windh\u00f6vel<\/strong><\/p>\n\n\n\n<div class=\"wp-block-columns is-layout-flex wp-container-core-columns-is-layout-9d6595d7 wp-block-columns-is-layout-flex\">\n<div class=\"wp-block-column is-layout-flow wp-block-column-is-layout-flow\">\n<figure class=\"wp-block-image size-full\"><img loading=\"lazy\" decoding=\"async\" width=\"640\" height=\"480\" src=\"http:\/\/rgzv-schwelm.com\/wp-content\/uploads\/2023\/02\/BK-zw-2.jpg\" alt=\"\" class=\"wp-image-646\" srcset=\"http:\/\/rgzv-schwelm.com\/wp-content\/uploads\/2023\/02\/BK-zw-2.jpg 640w, http:\/\/rgzv-schwelm.com\/wp-content\/uploads\/2023\/02\/BK-zw-2-300x225.jpg 300w\" sizes=\"auto, (max-width: 640px) 100vw, 640px\" \/><figcaption class=\"wp-element-caption\">Bergische Zwergkr\u00e4her, <br>schwarz-braun gedoppelt<\/figcaption><\/figure>\n<\/div>\n\n\n\n<div class=\"wp-block-column is-layout-flow wp-block-column-is-layout-flow\">\n<figure class=\"wp-block-image size-full\"><img loading=\"lazy\" decoding=\"async\" width=\"640\" height=\"480\" src=\"http:\/\/rgzv-schwelm.com\/wp-content\/uploads\/2023\/02\/DS-He-3.jpg\" alt=\"\" class=\"wp-image-647\" srcset=\"http:\/\/rgzv-schwelm.com\/wp-content\/uploads\/2023\/02\/DS-He-3.jpg 640w, http:\/\/rgzv-schwelm.com\/wp-content\/uploads\/2023\/02\/DS-He-3-300x225.jpg 300w\" sizes=\"auto, (max-width: 640px) 100vw, 640px\" \/><figcaption class=\"wp-element-caption\">Deutsche Sperber, gesperbert<br>Gro\u00df- und Zwerge<\/figcaption><\/figure>\n<\/div>\n\n\n\n<div class=\"wp-block-column is-layout-flow wp-block-column-is-layout-flow\">\n<figure class=\"wp-block-image size-full\"><img loading=\"lazy\" decoding=\"async\" width=\"640\" height=\"480\" src=\"http:\/\/rgzv-schwelm.com\/wp-content\/uploads\/2023\/02\/IMG_0708.jpg\" alt=\"\" class=\"wp-image-648\" srcset=\"http:\/\/rgzv-schwelm.com\/wp-content\/uploads\/2023\/02\/IMG_0708.jpg 640w, http:\/\/rgzv-schwelm.com\/wp-content\/uploads\/2023\/02\/IMG_0708-300x225.jpg 300w\" sizes=\"auto, (max-width: 640px) 100vw, 640px\" \/><figcaption class=\"wp-element-caption\">Zwerg Lakefelder<\/figcaption><\/figure>\n<\/div>\n<\/div>\n\n\n\n<div class=\"wp-block-media-text alignwide is-stacked-on-mobile\" style=\"grid-template-columns:36% auto\"><figure class=\"wp-block-media-text__media\"><img loading=\"lazy\" decoding=\"async\" width=\"484\" height=\"1024\" src=\"http:\/\/rgzv-schwelm.com\/wp-content\/uploads\/2023\/03\/d0ca6568-9d33-408e-aea9-2f85f0070ef8-484x1024.jpg\" alt=\"\" class=\"wp-image-697 size-full\" srcset=\"http:\/\/rgzv-schwelm.com\/wp-content\/uploads\/2023\/03\/d0ca6568-9d33-408e-aea9-2f85f0070ef8-484x1024.jpg 484w, http:\/\/rgzv-schwelm.com\/wp-content\/uploads\/2023\/03\/d0ca6568-9d33-408e-aea9-2f85f0070ef8-142x300.jpg 142w, http:\/\/rgzv-schwelm.com\/wp-content\/uploads\/2023\/03\/d0ca6568-9d33-408e-aea9-2f85f0070ef8-726x1536.jpg 726w, http:\/\/rgzv-schwelm.com\/wp-content\/uploads\/2023\/03\/d0ca6568-9d33-408e-aea9-2f85f0070ef8.jpg 756w\" sizes=\"auto, (max-width: 484px) 100vw, 484px\" \/><\/figure><div class=\"wp-block-media-text__content\">\n<p><strong>Stefanie Spalle<\/strong>k<\/p>\n\n\n\n<p>Chabo gestruppt, Welsumer, Zwerg Welsumer, Brahma, Wyandotte, Zwerg Wyandotte, Zwerg Cochin gelockt, Schwedisches Blumenhuhn, Druffler Haube,  Zwerg Paduaner gestruppt, Bergische Kr\u00e4her, Bergische Zwerg Kr\u00e4her, Sussex, Zwerg Sussex, Orpington, Araucana, Englische Zwergk\u00e4mpfer,<\/p>\n\n\n\n<p>Meine Zuchttiere sind: Ayam Cemani, Sebright silber- schwarzges\u00e4umt<\/p>\n<\/div><\/div>\n\n\n\n<p><\/p>\n\n\n\n<div class=\"wp-block-media-text alignwide is-stacked-on-mobile\"><figure class=\"wp-block-media-text__media\"><img loading=\"lazy\" decoding=\"async\" width=\"640\" height=\"480\" src=\"http:\/\/rgzv-schwelm.com\/wp-content\/uploads\/2023\/02\/IMG_0726-1.jpg\" alt=\"\" class=\"wp-image-650 size-full\" srcset=\"http:\/\/rgzv-schwelm.com\/wp-content\/uploads\/2023\/02\/IMG_0726-1.jpg 640w, http:\/\/rgzv-schwelm.com\/wp-content\/uploads\/2023\/02\/IMG_0726-1-300x225.jpg 300w\" sizes=\"auto, (max-width: 640px) 100vw, 640px\" \/><\/figure><div class=\"wp-block-media-text__content\">\n<p><strong>Kathrin Windh\u00f6vel-Kelm<\/strong><br>Zwerg Vorwerk H\u00fchner<\/p>\n<\/div><\/div>\n\n\n\n<p><strong>Stefan J\u00e4ger<\/strong><br>Holl\u00e4ndische Zwergh\u00fchner in Weiss und perlgrau, Watermalsche Bartzwerge in silber-wachtelfarbig, perlgrau und weiss, Zwerg-Seidenh\u00fchner in weiss. <\/p>\n\n\n\n<div class=\"wp-block-columns is-layout-flex wp-container-core-columns-is-layout-9d6595d7 wp-block-columns-is-layout-flex\">\n<div class=\"wp-block-column is-layout-flow wp-block-column-is-layout-flow\">\n<figure class=\"wp-block-image size-full\"><img loading=\"lazy\" decoding=\"async\" width=\"240\" height=\"320\" src=\"http:\/\/rgzv-schwelm.com\/wp-content\/uploads\/2023\/02\/IMG_1220-1.jpg\" alt=\"\" class=\"wp-image-661\" srcset=\"http:\/\/rgzv-schwelm.com\/wp-content\/uploads\/2023\/02\/IMG_1220-1.jpg 240w, http:\/\/rgzv-schwelm.com\/wp-content\/uploads\/2023\/02\/IMG_1220-1-225x300.jpg 225w\" sizes=\"auto, (max-width: 240px) 100vw, 240px\" \/><figcaption class=\"wp-element-caption\">Gro\u00dfe und Zwerg-Brakel<br>silber und gold<\/figcaption><\/figure>\n<\/div>\n\n\n\n<div class=\"wp-block-column is-layout-flow wp-block-column-is-layout-flow\">\n<figure class=\"wp-block-image size-full\"><img loading=\"lazy\" decoding=\"async\" width=\"240\" height=\"320\" src=\"http:\/\/rgzv-schwelm.com\/wp-content\/uploads\/2023\/02\/IMG_1212-1-rotated.jpg\" alt=\"\" class=\"wp-image-662\" srcset=\"http:\/\/rgzv-schwelm.com\/wp-content\/uploads\/2023\/02\/IMG_1212-1-rotated.jpg 240w, http:\/\/rgzv-schwelm.com\/wp-content\/uploads\/2023\/02\/IMG_1212-1-225x300.jpg 225w\" sizes=\"auto, (max-width: 240px) 100vw, 240px\" \/><figcaption class=\"wp-element-caption\">Zwerg Barnevelder <br>weiss und schwarz &#8211; silber, doppeltges\u00e4umt<\/figcaption><\/figure>\n<\/div>\n\n\n\n<div class=\"wp-block-column is-layout-flow wp-block-column-is-layout-flow\">\n<figure class=\"wp-block-image size-full\"><img loading=\"lazy\" decoding=\"async\" width=\"240\" height=\"320\" src=\"http:\/\/rgzv-schwelm.com\/wp-content\/uploads\/2023\/02\/IMG_6544-rotated.jpg\" alt=\"\" class=\"wp-image-663\" srcset=\"http:\/\/rgzv-schwelm.com\/wp-content\/uploads\/2023\/02\/IMG_6544-rotated.jpg 240w, http:\/\/rgzv-schwelm.com\/wp-content\/uploads\/2023\/02\/IMG_6544-225x300.jpg 225w\" sizes=\"auto, (max-width: 240px) 100vw, 240px\" \/><figcaption class=\"wp-element-caption\">Eulenbarth\u00fchner<br>chamois<\/figcaption><\/figure>\n<\/div>\n<\/div>\n\n\n\n<div class=\"wp-block-media-text alignwide is-stacked-on-mobile\"><figure class=\"wp-block-media-text__media\"><img loading=\"lazy\" decoding=\"async\" width=\"1024\" height=\"768\" src=\"http:\/\/rgzv-schwelm.com\/wp-content\/uploads\/2023\/02\/Enten-2-1024x768.jpg\" alt=\"\" class=\"wp-image-651 size-full\" srcset=\"http:\/\/rgzv-schwelm.com\/wp-content\/uploads\/2023\/02\/Enten-2-1024x768.jpg 1024w, http:\/\/rgzv-schwelm.com\/wp-content\/uploads\/2023\/02\/Enten-2-300x225.jpg 300w, http:\/\/rgzv-schwelm.com\/wp-content\/uploads\/2023\/02\/Enten-2-768x576.jpg 768w, http:\/\/rgzv-schwelm.com\/wp-content\/uploads\/2023\/02\/Enten-2-1536x1152.jpg 1536w, http:\/\/rgzv-schwelm.com\/wp-content\/uploads\/2023\/02\/Enten-2-2048x1536.jpg 2048w\" sizes=\"auto, (max-width: 1024px) 100vw, 1024px\" \/><\/figure><div class=\"wp-block-media-text__content\">\n<p><strong>Lea Windh\u00f6vel<\/strong><br>Zwerg Enten, wildfarbig<\/p>\n<\/div><\/div>\n\n\n\n<p><\/p>\n\n\n\n<p><strong>Nick Vowinkel<\/strong><\/p>\n\n\n\n<div class=\"wp-block-columns is-layout-flex wp-container-core-columns-is-layout-9d6595d7 wp-block-columns-is-layout-flex\">\n<div class=\"wp-block-column is-layout-flow wp-block-column-is-layout-flow\">\n<figure class=\"wp-block-image size-large\"><img loading=\"lazy\" decoding=\"async\" width=\"1024\" height=\"678\" src=\"http:\/\/rgzv-schwelm.com\/wp-content\/uploads\/2023\/02\/DSC_0750-2-1024x678.jpg\" alt=\"\" class=\"wp-image-652\" srcset=\"http:\/\/rgzv-schwelm.com\/wp-content\/uploads\/2023\/02\/DSC_0750-2-1024x678.jpg 1024w, http:\/\/rgzv-schwelm.com\/wp-content\/uploads\/2023\/02\/DSC_0750-2-300x199.jpg 300w, http:\/\/rgzv-schwelm.com\/wp-content\/uploads\/2023\/02\/DSC_0750-2-768x509.jpg 768w, http:\/\/rgzv-schwelm.com\/wp-content\/uploads\/2023\/02\/DSC_0750-2-1536x1017.jpg 1536w, http:\/\/rgzv-schwelm.com\/wp-content\/uploads\/2023\/02\/DSC_0750-2-2048x1356.jpg 2048w\" sizes=\"auto, (max-width: 1024px) 100vw, 1024px\" \/><figcaption class=\"wp-element-caption\">Bielefeder-Zwergkennh\u00fchner<br>kennsperber<\/figcaption><\/figure>\n<\/div>\n\n\n\n<div class=\"wp-block-column is-layout-flow wp-block-column-is-layout-flow\">\n<figure class=\"wp-block-image size-large\"><img loading=\"lazy\" decoding=\"async\" width=\"768\" height=\"1024\" src=\"http:\/\/rgzv-schwelm.com\/wp-content\/uploads\/2023\/02\/IMG20220513134549-2-768x1024.jpg\" alt=\"\" class=\"wp-image-653\" srcset=\"http:\/\/rgzv-schwelm.com\/wp-content\/uploads\/2023\/02\/IMG20220513134549-2-768x1024.jpg 768w, http:\/\/rgzv-schwelm.com\/wp-content\/uploads\/2023\/02\/IMG20220513134549-2-225x300.jpg 225w, http:\/\/rgzv-schwelm.com\/wp-content\/uploads\/2023\/02\/IMG20220513134549-2-1152x1536.jpg 1152w, http:\/\/rgzv-schwelm.com\/wp-content\/uploads\/2023\/02\/IMG20220513134549-2-1536x2048.jpg 1536w, http:\/\/rgzv-schwelm.com\/wp-content\/uploads\/2023\/02\/IMG20220513134549-2-scaled.jpg 1920w\" sizes=\"auto, (max-width: 768px) 100vw, 768px\" \/><figcaption class=\"wp-element-caption\">Zwerg-Ph\u00f6nix<br>schwarz<\/figcaption><\/figure>\n<\/div>\n\n\n\n<div class=\"wp-block-column is-layout-flow wp-block-column-is-layout-flow\">\n<figure class=\"wp-block-image size-large\"><img loading=\"lazy\" decoding=\"async\" width=\"768\" height=\"1024\" src=\"http:\/\/rgzv-schwelm.com\/wp-content\/uploads\/2023\/02\/IMG20221224124924-768x1024.jpg\" alt=\"\" class=\"wp-image-590\" srcset=\"http:\/\/rgzv-schwelm.com\/wp-content\/uploads\/2023\/02\/IMG20221224124924-768x1024.jpg 768w, http:\/\/rgzv-schwelm.com\/wp-content\/uploads\/2023\/02\/IMG20221224124924-225x300.jpg 225w, http:\/\/rgzv-schwelm.com\/wp-content\/uploads\/2023\/02\/IMG20221224124924-1152x1536.jpg 1152w, http:\/\/rgzv-schwelm.com\/wp-content\/uploads\/2023\/02\/IMG20221224124924-1536x2048.jpg 1536w, http:\/\/rgzv-schwelm.com\/wp-content\/uploads\/2023\/02\/IMG20221224124924-scaled.jpg 1920w\" sizes=\"auto, (max-width: 768px) 100vw, 768px\" \/><figcaption class=\"wp-element-caption\">Zwerg-Ph\u00f6nix<br>wildfarbig<\/figcaption><\/figure>\n<\/div>\n<\/div>\n","protected":false},"excerpt":{"rendered":"<p>Aaron Windh\u00f6velBergische Kr\u00e4her, schwarz-braun gedoppelt Heinz Erich Henze K\u00f6lner T\u00fcmmler, wei\u00df und schwarz Luchstauben, schwarz, schwarz-wei\u00df geschuppt farbschwingig Sophie Windh\u00f6velZwerg-Welsumer, rost-rebhuhnfarbig Lutz Windh\u00f6vel Stefanie Spallek Chabo gestruppt, Welsumer, Zwerg Welsumer, Brahma, Wyandotte, Zwerg Wyandotte, Zwerg Cochin gelockt, Schwedisches Blumenhuhn, Druffler Haube, Zwerg Paduaner gestruppt, Bergische Kr\u00e4her, Bergische Zwerg Kr\u00e4her, Sussex, Zwerg Sussex, Orpington, Araucana, Englische [&hellip;]<\/p>\n","protected":false},"author":1,"featured_media":0,"parent":0,"menu_order":0,"comment_status":"closed","ping_status":"closed","template":"","meta":{"footnotes":""},"class_list":["post-222","page","type-page","status-publish","hentry"],"_links":{"self":[{"href":"http:\/\/rgzv-schwelm.com\/index.php?rest_route=\/wp\/v2\/pages\/222","targetHints":{"allow":["GET"]}}],"collection":[{"href":"http:\/\/rgzv-schwelm.com\/index.php?rest_route=\/wp\/v2\/pages"}],"about":[{"href":"http:\/\/rgzv-schwelm.com\/index.php?rest_route=\/wp\/v2\/types\/page"}],"author":[{"embeddable":true,"href":"http:\/\/rgzv-schwelm.com\/index.php?rest_route=\/wp\/v2\/users\/1"}],"replies":[{"embeddable":true,"href":"http:\/\/rgzv-schwelm.com\/index.php?rest_route=%2Fwp%2Fv2%2Fcomments&post=222"}],"version-history":[{"count":16,"href":"http:\/\/rgzv-schwelm.com\/index.php?rest_route=\/wp\/v2\/pages\/222\/revisions"}],"predecessor-version":[{"id":1317,"href":"http:\/\/rgzv-schwelm.com\/index.php?rest_route=\/wp\/v2\/pages\/222\/revisions\/1317"}],"wp:attachment":[{"href":"http:\/\/rgzv-schwelm.com\/index.php?rest_route=%2Fwp%2Fv2%2Fmedia&parent=222"}],"curies":[{"name":"wp","href":"https:\/\/api.w.org\/{rel}","templated":true}]}}