{"id":135,"date":"2021-10-05T19:26:00","date_gmt":"2021-10-05T18:26:00","guid":{"rendered":"http:\/\/rgzv-schwelm.com\/?page_id=135"},"modified":"2023-01-31T15:48:20","modified_gmt":"2023-01-31T14:48:20","slug":"wir-stellen-uns-vor","status":"publish","type":"page","link":"http:\/\/rgzv-schwelm.com\/?page_id=135","title":{"rendered":"Wir stellen uns vor!"},"content":{"rendered":"<div class=\"wp-block-image\">\n<figure class=\"alignright size-full\"><img loading=\"lazy\" decoding=\"async\" width=\"206\" height=\"256\" src=\"http:\/\/rgzv-schwelm.com\/wp-content\/uploads\/2021\/10\/9aa04f8c-7aa8-40ff-a2ba-234fa2b5de52-3.jpg-Bannerbild.jpg\" alt=\"\" class=\"wp-image-285\"\/><\/figure>\n<\/div>\n\n\n<p class=\"has-vivid-green-cyan-color has-text-color has-large-font-size\"><strong>Herzlich Willkommen in Schwelm<\/strong><\/p>\n\n\n\n<p>Rassegefl\u00fcgelzucht: (M)Ein lebendiges, faszinierendes Hobby<\/p>\n\n\n\n<p>\u00dcber ein Jahrhundert organisierte Rassegefl\u00fcgelzucht in Schwelm. Wir alle wissen, dass in der heutigen Zeit so oft die Rede von sinnvoller Freizeitgestaltung in unserer Gesellschaft ist. Es gibt viele M\u00f6glichkeiten, einem Hobby nachzugehen .Eine, noch dazu eine sehr sch\u00f6ne, stellt die Rassegefl\u00fcgelzucht dar.<\/p>\n\n\n\n<p>Der Erhalt und die Pflege ist eine wertvolle Kulturarbeit, die die Z\u00fcchter leisten, um die Artenvielfalt, deren Besonderheiten und Farbenpracht der Natur und ihrer Lebewesen nicht in Vergessenheit geraten zu lassen. Zu sehen wie Gesch\u00f6pfe mit ein wenig Schrot und Korn und  Zuwendung zu h\u00fcbschen, ansehnlichen, glanzvollen, wundervollen, formvollendeten Besonderheiten herangewachsen sind, ist das Wunder der Rassegefl\u00fcgelzucht.<\/p>\n\n\n\n<p>Z\u00fcchter brauchen Zusammenhalt, Kameradschaft, Freundschaft und Hilfe.  Auch um ihr Wissen, das sich \u00fcber viele Jahrzehnte  entwickelt hat, an j\u00fcngere Generationen weiterzugeben. Dies war und ist in unserem Schwelmer Verein zu allen Zeiten gegeben.<\/p>\n\n\n\n<p>Der RGZV Schwelm 1893 besteht seit 130 Jahre und hat zurzeit 98 Mitglieder. Darauf sind wir sehr stolz!<\/p>\n\n\n\n<p>Eine Vielfalt von H\u00fchnern, Zwergh\u00fchnern, Tauben und Ziergefl\u00fcgel wird von mit gro\u00dfem Engagement und Hingabe gez\u00fcchtet.<\/p>\n","protected":false},"excerpt":{"rendered":"<p>Herzlich Willkommen in Schwelm Rassegefl\u00fcgelzucht: (M)Ein lebendiges, faszinierendes Hobby \u00dcber ein Jahrhundert organisierte Rassegefl\u00fcgelzucht in Schwelm. Wir alle wissen, dass in der heutigen Zeit so oft die Rede von sinnvoller Freizeitgestaltung in unserer Gesellschaft ist. Es gibt viele M\u00f6glichkeiten, einem Hobby nachzugehen .Eine, noch dazu eine sehr sch\u00f6ne, stellt die Rassegefl\u00fcgelzucht dar. Der Erhalt und [&hellip;]<\/p>\n","protected":false},"author":1,"featured_media":0,"parent":0,"menu_order":0,"comment_status":"closed","ping_status":"closed","template":"","meta":{"footnotes":""},"class_list":["post-135","page","type-page","status-publish","hentry"],"_links":{"self":[{"href":"http:\/\/rgzv-schwelm.com\/index.php?rest_route=\/wp\/v2\/pages\/135","targetHints":{"allow":["GET"]}}],"collection":[{"href":"http:\/\/rgzv-schwelm.com\/index.php?rest_route=\/wp\/v2\/pages"}],"about":[{"href":"http:\/\/rgzv-schwelm.com\/index.php?rest_route=\/wp\/v2\/types\/page"}],"author":[{"embeddable":true,"href":"http:\/\/rgzv-schwelm.com\/index.php?rest_route=\/wp\/v2\/users\/1"}],"replies":[{"embeddable":true,"href":"http:\/\/rgzv-schwelm.com\/index.php?rest_route=%2Fwp%2Fv2%2Fcomments&post=135"}],"version-history":[{"count":6,"href":"http:\/\/rgzv-schwelm.com\/index.php?rest_route=\/wp\/v2\/pages\/135\/revisions"}],"predecessor-version":[{"id":350,"href":"http:\/\/rgzv-schwelm.com\/index.php?rest_route=\/wp\/v2\/pages\/135\/revisions\/350"}],"wp:attachment":[{"href":"http:\/\/rgzv-schwelm.com\/index.php?rest_route=%2Fwp%2Fv2%2Fmedia&parent=135"}],"curies":[{"name":"wp","href":"https:\/\/api.w.org\/{rel}","templated":true}]}}